{"id":754,"date":"2023-04-12T17:21:24","date_gmt":"2023-04-12T17:21:24","guid":{"rendered":"https:\/\/carbono.agrorobotica.com.br\/?page_id=754"},"modified":"2023-04-29T17:09:45","modified_gmt":"2023-04-29T17:09:45","slug":"processo","status":"publish","type":"page","link":"https:\/\/carbono.agrorobotica.com.br\/en\/processo\/","title":{"rendered":"Agrorob\u00f3tica | Processo"},"content":{"rendered":"<div data-elementor-type=\"wp-page\" data-elementor-id=\"754\" class=\"elementor elementor-754\">\n\t\t\t\t\t\t\t<div class=\"elementor-element elementor-element-e0e3ad3 e-con-boxed e-con\" data-id=\"e0e3ad3\" data-element_type=\"container\" data-settings=\"{&quot;background_background&quot;:&quot;video&quot;,&quot;background_video_link&quot;:&quot;http:\\\/\\\/carbono.agrorobotica.com.br\\\/wp-content\\\/uploads\\\/2023\\\/04\\\/Agrorobotica.mp4&quot;,&quot;background_play_on_mobile&quot;:&quot;yes&quot;,&quot;jet_parallax_layout_list&quot;:[],&quot;content_width&quot;:&quot;boxed&quot;}\">\n\t\t\t\t\t<div class=\"e-con-inner\">\n\t\t<div class=\"elementor-background-video-container\">\n\t\t\t\t\t\t\t<video class=\"elementor-background-video-hosted elementor-html5-video\" autoplay muted playsinline loop><\/video>\n\t\t\t\t\t<\/div>\t\t<div class=\"elementor-element elementor-element-ada1e79 elementor-widget elementor-widget-spacer\" data-id=\"ada1e79\" data-element_type=\"widget\" data-widget_type=\"spacer.default\">\n\t\t\t\t<div class=\"elementor-widget-container\">\n\t\t\t<style>\/*! elementor - v3.12.1 - 02-04-2023 *\/\n.elementor-column .elementor-spacer-inner{height:var(--spacer-size)}.e-con{--container-widget-width:100%}.e-con-inner>.elementor-widget-spacer,.e-con>.elementor-widget-spacer{width:var(--container-widget-width,var(--spacer-size));--align-self:var(--container-widget-align-self,initial);--flex-shrink:0}.e-con-inner>.elementor-widget-spacer>.elementor-widget-container,.e-con-inner>.elementor-widget-spacer>.elementor-widget-container>.elementor-spacer,.e-con>.elementor-widget-spacer>.elementor-widget-container,.e-con>.elementor-widget-spacer>.elementor-widget-container>.elementor-spacer{height:100%}.e-con-inner>.elementor-widget-spacer>.elementor-widget-container>.elementor-spacer>.elementor-spacer-inner,.e-con>.elementor-widget-spacer>.elementor-widget-container>.elementor-spacer>.elementor-spacer-inner{height:var(--container-widget-height,var(--spacer-size))}<\/style>\t\t<div class=\"elementor-spacer\">\n\t\t\t<div class=\"elementor-spacer-inner\"><\/div>\n\t\t<\/div>\n\t\t\t\t<\/div>\n\t\t\t\t<\/div>\n\t\t\t\t<div class=\"elementor-element elementor-element-fc26db6 elementor-widget elementor-widget-image\" data-id=\"fc26db6\" data-element_type=\"widget\" data-widget_type=\"image.default\">\n\t\t\t\t<div class=\"elementor-widget-container\">\n\t\t\t<style>\/*! elementor - v3.12.1 - 02-04-2023 *\/\n.elementor-widget-image{text-align:center}.elementor-widget-image a{display:inline-block}.elementor-widget-image a img[src$=\".svg\"]{width:48px}.elementor-widget-image img{vertical-align:middle;display:inline-block}<\/style>\t\t\t\t\t\t\t\t\t\t\t\t<img decoding=\"async\" width=\"175\" height=\"38\" src=\"https:\/\/carbono.agrorobotica.com.br\/wp-content\/uploads\/2023\/04\/Asset-23.svg\" class=\"attachment-large size-large wp-image-497\" alt=\"\" loading=\"lazy\" \/>\t\t\t\t\t\t\t\t\t\t\t\t\t\t\t<\/div>\n\t\t\t\t<\/div>\n\t\t\t\t<div class=\"elementor-element elementor-element-ca71f58 elementor-widget elementor-widget-heading\" data-id=\"ca71f58\" data-element_type=\"widget\" data-widget_type=\"heading.default\">\n\t\t\t\t<div class=\"elementor-widget-container\">\n\t\t\t<style>\/*! elementor - v3.12.1 - 02-04-2023 *\/\n.elementor-heading-title{padding:0;margin:0;line-height:1}.elementor-widget-heading .elementor-heading-title[class*=elementor-size-]>a{color:inherit;font-size:inherit;line-height:inherit}.elementor-widget-heading .elementor-heading-title.elementor-size-small{font-size:15px}.elementor-widget-heading .elementor-heading-title.elementor-size-medium{font-size:19px}.elementor-widget-heading .elementor-heading-title.elementor-size-large{font-size:29px}.elementor-widget-heading .elementor-heading-title.elementor-size-xl{font-size:39px}.elementor-widget-heading .elementor-heading-title.elementor-size-xxl{font-size:59px}<\/style><h1 class=\"elementor-heading-title elementor-size-default\">AGLIBS AI PLATFORM<\/h1>\t\t<\/div>\n\t\t\t\t<\/div>\n\t\t\t\t<div class=\"elementor-element elementor-element-3f4c40d elementor-widget elementor-widget-heading\" data-id=\"3f4c40d\" data-element_type=\"widget\" data-widget_type=\"heading.default\">\n\t\t\t\t<div class=\"elementor-widget-container\">\n\t\t\t<h1 class=\"elementor-heading-title elementor-size-default\">Bring your farm into the future\n<\/h1>\t\t<\/div>\n\t\t\t\t<\/div>\n\t\t\t\t<div class=\"elementor-element elementor-element-bc6d50f elementor-widget__width-initial elementor-widget elementor-widget-heading\" data-id=\"bc6d50f\" data-element_type=\"widget\" data-widget_type=\"heading.default\">\n\t\t\t\t<div class=\"elementor-widget-container\">\n\t\t\t<h6 class=\"elementor-heading-title elementor-size-default\">Integrated solution for precision agriculture and carbon credit trading.<\/h6>\t\t<\/div>\n\t\t\t\t<\/div>\n\t\t\t\t<div class=\"elementor-element elementor-element-d6f4a2a elementor-widget__width-auto elementor-absolute elementor-align-center elementor-widget elementor-widget-lottie\" data-id=\"d6f4a2a\" data-element_type=\"widget\" data-settings=\"{&quot;source_json&quot;:{&quot;url&quot;:&quot;http:\\\/\\\/carbono.agrorobotica.com.br\\\/wp-content\\\/uploads\\\/2023\\\/03\\\/elemento_1.json&quot;,&quot;id&quot;:31,&quot;size&quot;:&quot;&quot;,&quot;alt&quot;:&quot;&quot;,&quot;source&quot;:&quot;library&quot;},&quot;loop&quot;:&quot;yes&quot;,&quot;play_speed&quot;:{&quot;unit&quot;:&quot;px&quot;,&quot;size&quot;:0.4,&quot;sizes&quot;:[]},&quot;reverse_animation&quot;:&quot;yes&quot;,&quot;_position&quot;:&quot;absolute&quot;,&quot;source&quot;:&quot;media_file&quot;,&quot;caption_source&quot;:&quot;none&quot;,&quot;link_to&quot;:&quot;none&quot;,&quot;trigger&quot;:&quot;arriving_to_viewport&quot;,&quot;viewport&quot;:{&quot;unit&quot;:&quot;%&quot;,&quot;size&quot;:&quot;&quot;,&quot;sizes&quot;:{&quot;start&quot;:0,&quot;end&quot;:100}},&quot;start_point&quot;:{&quot;unit&quot;:&quot;%&quot;,&quot;size&quot;:&quot;0&quot;,&quot;sizes&quot;:[]},&quot;end_point&quot;:{&quot;unit&quot;:&quot;%&quot;,&quot;size&quot;:&quot;100&quot;,&quot;sizes&quot;:[]},&quot;renderer&quot;:&quot;svg&quot;}\" data-widget_type=\"lottie.default\">\n\t\t\t\t<div class=\"elementor-widget-container\">\n\t\t\t<style>\/*! elementor-pro - v3.12.0 - 29-03-2023 *\/\n.e-lottie__container{display:inline-block;max-width:var(--lottie-container-max-width);width:var(--lottie-container-width);opacity:var(--lottie-container-opacity)}.e-lottie__container:hover{opacity:var(--lottie-container-opacity-hover);transition-duration:var(--lottie-container-transition-duration-hover)}.e-lottie__container svg,.e-lottie__container svg *{transition:none!important}.e-lottie__caption{color:var(--caption-color);margin-top:var(--caption-margin-top);text-align:var(--caption-text-align)}<\/style><div class=\"e-lottie__container\"><div class=\"e-lottie__animation\"><\/div><\/div>\t\t<\/div>\n\t\t\t\t<\/div>\n\t\t<div class=\"elementor-element elementor-element-e6c60f5 e-con-boxed e-con\" data-id=\"e6c60f5\" data-element_type=\"container\" data-settings=\"{&quot;jet_parallax_layout_list&quot;:[],&quot;content_width&quot;:&quot;boxed&quot;}\">\n\t\t\t\t\t<div class=\"e-con-inner\">\n\t\t\t\t<div class=\"jet-satellite-widget elementor-element elementor-element-a85e4e3 elementor-widget__width-initial e-transform elementor-position-top elementor-vertical-align-top elementor-widget elementor-widget-image-box\" data-jet-tricks-settings=\"{&quot;satellite&quot;:&quot;true&quot;,&quot;satelliteType&quot;:&quot;text&quot;,&quot;satellitePosition&quot;:&quot;top-center&quot;}\" data-id=\"a85e4e3\" data-element_type=\"widget\" data-settings=\"{&quot;_transform_scale_effect_hover&quot;:{&quot;unit&quot;:&quot;px&quot;,&quot;size&quot;:1.1,&quot;sizes&quot;:[]},&quot;_transform_scale_effect_hover_tablet&quot;:{&quot;unit&quot;:&quot;px&quot;,&quot;size&quot;:&quot;&quot;,&quot;sizes&quot;:[]},&quot;_transform_scale_effect_hover_mobile&quot;:{&quot;unit&quot;:&quot;px&quot;,&quot;size&quot;:&quot;&quot;,&quot;sizes&quot;:[]}}\" data-widget_type=\"image-box.default\">\n\t\t\t\t<div class=\"elementor-widget-container\">\n\t\t\t<style>\/*! elementor - v3.12.1 - 02-04-2023 *\/\n.elementor-widget-image-box .elementor-image-box-content{width:100%}@media (min-width:768px){.elementor-widget-image-box.elementor-position-left .elementor-image-box-wrapper,.elementor-widget-image-box.elementor-position-right .elementor-image-box-wrapper{display:flex}.elementor-widget-image-box.elementor-position-right .elementor-image-box-wrapper{text-align:right;flex-direction:row-reverse}.elementor-widget-image-box.elementor-position-left .elementor-image-box-wrapper{text-align:left;flex-direction:row}.elementor-widget-image-box.elementor-position-top .elementor-image-box-img{margin:auto}.elementor-widget-image-box.elementor-vertical-align-top .elementor-image-box-wrapper{align-items:flex-start}.elementor-widget-image-box.elementor-vertical-align-middle .elementor-image-box-wrapper{align-items:center}.elementor-widget-image-box.elementor-vertical-align-bottom .elementor-image-box-wrapper{align-items:flex-end}}@media (max-width:767px){.elementor-widget-image-box .elementor-image-box-img{margin-left:auto!important;margin-right:auto!important;margin-bottom:15px}}.elementor-widget-image-box .elementor-image-box-img{display:inline-block}.elementor-widget-image-box .elementor-image-box-title a{color:inherit}.elementor-widget-image-box .elementor-image-box-wrapper{text-align:center}.elementor-widget-image-box .elementor-image-box-description{margin:0}<\/style><div class=\"jet-tricks-satellite jet-tricks-satellite--top-center\"><div class=\"jet-tricks-satellite__inner\"><div class=\"jet-tricks-satellite__text\"><span>STEP 1<\/span><\/div><\/div><\/div><div class=\"elementor-image-box-wrapper\"><figure class=\"elementor-image-box-img\"><a href=\"#elementor-action:action=popup:open&settings=eyJpZCI6IjcyMiIsInRvZ2dsZSI6ZmFsc2V9\"><img decoding=\"async\" width=\"416\" height=\"416\" src=\"https:\/\/carbono.agrorobotica.com.br\/wp-content\/uploads\/2023\/04\/Asset-1-1.svg\" class=\"attachment-full size-full wp-image-828\" alt=\"\" loading=\"lazy\" \/><\/a><\/figure><div class=\"elementor-image-box-content\"><h3 class=\"elementor-image-box-title\"><a href=\"#elementor-action:action=popup:open&settings=eyJpZCI6IjcyMiIsInRvZ2dsZSI6ZmFsc2V9\">DIGITAL EVALUATION OF THE FARM<\/a><\/h3><\/div><\/div>\t\t<\/div>\n\t\t\t\t<\/div>\n\t\t\t\t<div class=\"jet-satellite-widget elementor-element elementor-element-9f4ac5b elementor-widget__width-initial e-transform elementor-position-top elementor-vertical-align-top elementor-widget elementor-widget-image-box\" data-jet-tricks-settings=\"{&quot;satellite&quot;:&quot;true&quot;,&quot;satelliteType&quot;:&quot;text&quot;,&quot;satellitePosition&quot;:&quot;top-center&quot;}\" data-id=\"9f4ac5b\" data-element_type=\"widget\" data-settings=\"{&quot;_transform_scale_effect_hover&quot;:{&quot;unit&quot;:&quot;px&quot;,&quot;size&quot;:1.1,&quot;sizes&quot;:[]},&quot;_transform_scale_effect_hover_tablet&quot;:{&quot;unit&quot;:&quot;px&quot;,&quot;size&quot;:&quot;&quot;,&quot;sizes&quot;:[]},&quot;_transform_scale_effect_hover_mobile&quot;:{&quot;unit&quot;:&quot;px&quot;,&quot;size&quot;:&quot;&quot;,&quot;sizes&quot;:[]}}\" data-widget_type=\"image-box.default\">\n\t\t\t\t<div class=\"elementor-widget-container\">\n\t\t\t<div class=\"jet-tricks-satellite jet-tricks-satellite--top-center\"><div class=\"jet-tricks-satellite__inner\"><div class=\"jet-tricks-satellite__text\"><span>STEP 2<\/span><\/div><\/div><\/div><div class=\"elementor-image-box-wrapper\"><figure class=\"elementor-image-box-img\"><a href=\"#elementor-action:action=popup:open&settings=eyJpZCI6IjgyNSIsInRvZ2dsZSI6ZmFsc2V9\"><img decoding=\"async\" width=\"416\" height=\"416\" src=\"https:\/\/carbono.agrorobotica.com.br\/wp-content\/uploads\/2023\/04\/Asset-3-2.svg\" class=\"attachment-full size-full wp-image-944\" alt=\"\" loading=\"lazy\" \/><\/a><\/figure><div class=\"elementor-image-box-content\"><h3 class=\"elementor-image-box-title translation-block\">SOIL <br>SAMPLING<\/h3><\/div><\/div>\t\t<\/div>\n\t\t\t\t<\/div>\n\t\t\t\t<div class=\"jet-satellite-widget elementor-element elementor-element-755e957 elementor-widget__width-initial e-transform elementor-position-top elementor-vertical-align-top elementor-widget elementor-widget-image-box\" data-jet-tricks-settings=\"{&quot;satellite&quot;:&quot;true&quot;,&quot;satelliteType&quot;:&quot;text&quot;,&quot;satellitePosition&quot;:&quot;top-center&quot;}\" data-id=\"755e957\" data-element_type=\"widget\" data-settings=\"{&quot;_transform_scale_effect_hover&quot;:{&quot;unit&quot;:&quot;px&quot;,&quot;size&quot;:1.1,&quot;sizes&quot;:[]},&quot;_transform_scale_effect_hover_tablet&quot;:{&quot;unit&quot;:&quot;px&quot;,&quot;size&quot;:&quot;&quot;,&quot;sizes&quot;:[]},&quot;_transform_scale_effect_hover_mobile&quot;:{&quot;unit&quot;:&quot;px&quot;,&quot;size&quot;:&quot;&quot;,&quot;sizes&quot;:[]}}\" data-widget_type=\"image-box.default\">\n\t\t\t\t<div class=\"elementor-widget-container\">\n\t\t\t<div class=\"jet-tricks-satellite jet-tricks-satellite--top-center\"><div class=\"jet-tricks-satellite__inner\"><div class=\"jet-tricks-satellite__text\"><span>STEP 3<\/span><\/div><\/div><\/div><div class=\"elementor-image-box-wrapper\"><figure class=\"elementor-image-box-img\"><a href=\"#elementor-action:action=popup:open&settings=eyJpZCI6IjgzMiIsInRvZ2dsZSI6ZmFsc2V9\"><img decoding=\"async\" width=\"416\" height=\"416\" src=\"https:\/\/carbono.agrorobotica.com.br\/wp-content\/uploads\/2023\/04\/Asset-4.svg\" class=\"attachment-full size-full wp-image-740\" alt=\"\" loading=\"lazy\" \/><\/a><\/figure><div class=\"elementor-image-box-content\"><h3 class=\"elementor-image-box-title\"><a href=\"#elementor-action:action=popup:open&settings=eyJpZCI6IjgzMiIsInRvZ2dsZSI6ZmFsc2V9\">ANALYSIS WITH AGLIBS TECHNOLOGY<\/a><\/h3><\/div><\/div>\t\t<\/div>\n\t\t\t\t<\/div>\n\t\t\t\t<div class=\"jet-satellite-widget elementor-element elementor-element-2857075 elementor-widget__width-initial e-transform elementor-position-top elementor-vertical-align-top elementor-widget elementor-widget-image-box\" data-jet-tricks-settings=\"{&quot;satellite&quot;:&quot;true&quot;,&quot;satelliteType&quot;:&quot;text&quot;,&quot;satellitePosition&quot;:&quot;top-center&quot;}\" data-id=\"2857075\" data-element_type=\"widget\" data-settings=\"{&quot;_transform_scale_effect_hover&quot;:{&quot;unit&quot;:&quot;px&quot;,&quot;size&quot;:1.1,&quot;sizes&quot;:[]},&quot;_transform_scale_effect_hover_tablet&quot;:{&quot;unit&quot;:&quot;px&quot;,&quot;size&quot;:&quot;&quot;,&quot;sizes&quot;:[]},&quot;_transform_scale_effect_hover_mobile&quot;:{&quot;unit&quot;:&quot;px&quot;,&quot;size&quot;:&quot;&quot;,&quot;sizes&quot;:[]}}\" data-widget_type=\"image-box.default\">\n\t\t\t\t<div class=\"elementor-widget-container\">\n\t\t\t<div class=\"jet-tricks-satellite jet-tricks-satellite--top-center\"><div class=\"jet-tricks-satellite__inner\"><div class=\"jet-tricks-satellite__text\"><span>STEP 4<\/span><\/div><\/div><\/div><div class=\"elementor-image-box-wrapper\"><figure class=\"elementor-image-box-img\"><a href=\"#elementor-action:action=popup:open&settings=eyJpZCI6IjEyNjciLCJ0b2dnbGUiOmZhbHNlfQ==\"><img decoding=\"async\" width=\"416\" height=\"416\" src=\"https:\/\/carbono.agrorobotica.com.br\/wp-content\/uploads\/2023\/04\/Asset-3.svg\" class=\"attachment-full size-full wp-image-739\" alt=\"\" loading=\"lazy\" \/><\/a><\/figure><div class=\"elementor-image-box-content\"><h3 class=\"elementor-image-box-title\"><a href=\"#elementor-action:action=popup:open&settings=eyJpZCI6IjEyNjciLCJ0b2dnbGUiOmZhbHNlfQ==\">DIGITALIZATION OF THE SOIL<\/a><\/h3><\/div><\/div>\t\t<\/div>\n\t\t\t\t<\/div>\n\t\t\t\t<div class=\"jet-satellite-widget elementor-element elementor-element-607201a elementor-widget__width-initial e-transform elementor-position-top elementor-vertical-align-top elementor-widget elementor-widget-image-box\" data-jet-tricks-settings=\"{&quot;satellite&quot;:&quot;true&quot;,&quot;satelliteType&quot;:&quot;text&quot;,&quot;satellitePosition&quot;:&quot;top-center&quot;}\" data-id=\"607201a\" data-element_type=\"widget\" data-settings=\"{&quot;_transform_scale_effect_hover&quot;:{&quot;unit&quot;:&quot;px&quot;,&quot;size&quot;:1.1,&quot;sizes&quot;:[]},&quot;_transform_scale_effect_hover_tablet&quot;:{&quot;unit&quot;:&quot;px&quot;,&quot;size&quot;:&quot;&quot;,&quot;sizes&quot;:[]},&quot;_transform_scale_effect_hover_mobile&quot;:{&quot;unit&quot;:&quot;px&quot;,&quot;size&quot;:&quot;&quot;,&quot;sizes&quot;:[]}}\" data-widget_type=\"image-box.default\">\n\t\t\t\t<div class=\"elementor-widget-container\">\n\t\t\t<div class=\"jet-tricks-satellite jet-tricks-satellite--top-center\"><div class=\"jet-tricks-satellite__inner\"><div class=\"jet-tricks-satellite__text\"><span>STEP 5<\/span><\/div><\/div><\/div><div class=\"elementor-image-box-wrapper\"><figure class=\"elementor-image-box-img\"><a href=\"#elementor-action:action=popup:open&settings=eyJpZCI6IjgzOCIsInRvZ2dsZSI6ZmFsc2V9\"><img decoding=\"async\" width=\"387\" height=\"387\" src=\"https:\/\/carbono.agrorobotica.com.br\/wp-content\/uploads\/2023\/04\/check.svg\" class=\"attachment-full size-full wp-image-952\" alt=\"\" loading=\"lazy\" \/><\/a><\/figure><div class=\"elementor-image-box-content\"><h3 class=\"elementor-image-box-title\"><a href=\"#elementor-action:action=popup:open&settings=eyJpZCI6IjgzOCIsInRvZ2dsZSI6ZmFsc2V9\">AUDIT AND CERTIFICATION<\/a><\/h3><\/div><\/div>\t\t<\/div>\n\t\t\t\t<\/div>\n\t\t\t\t<div class=\"jet-satellite-widget elementor-element elementor-element-31e6d6b elementor-widget__width-initial e-transform elementor-position-top elementor-vertical-align-top elementor-widget elementor-widget-image-box\" data-jet-tricks-settings=\"{&quot;satellite&quot;:&quot;true&quot;,&quot;satelliteType&quot;:&quot;text&quot;,&quot;satellitePosition&quot;:&quot;top-center&quot;}\" data-id=\"31e6d6b\" data-element_type=\"widget\" data-settings=\"{&quot;_transform_scale_effect_hover&quot;:{&quot;unit&quot;:&quot;px&quot;,&quot;size&quot;:1.1,&quot;sizes&quot;:[]},&quot;_transform_scale_effect_hover_tablet&quot;:{&quot;unit&quot;:&quot;px&quot;,&quot;size&quot;:&quot;&quot;,&quot;sizes&quot;:[]},&quot;_transform_scale_effect_hover_mobile&quot;:{&quot;unit&quot;:&quot;px&quot;,&quot;size&quot;:&quot;&quot;,&quot;sizes&quot;:[]}}\" data-widget_type=\"image-box.default\">\n\t\t\t\t<div class=\"elementor-widget-container\">\n\t\t\t<div class=\"jet-tricks-satellite jet-tricks-satellite--top-center\"><div class=\"jet-tricks-satellite__inner\"><div class=\"jet-tricks-satellite__text\"><span>STEP 6<\/span><\/div><\/div><\/div><div class=\"elementor-image-box-wrapper\"><figure class=\"elementor-image-box-img\"><a href=\"https:\/\/carbono.agrorobotica.com.br\/en\/calculadora-de-potencial-de-carbono\/\"><img decoding=\"async\" width=\"416\" height=\"416\" src=\"https:\/\/carbono.agrorobotica.com.br\/wp-content\/uploads\/2023\/04\/Asset-2.svg\" class=\"attachment-full size-full wp-image-738\" alt=\"\" loading=\"lazy\" \/><\/a><\/figure><div class=\"elementor-image-box-content\"><h3 class=\"elementor-image-box-title\"><a href=\"https:\/\/carbono.agrorobotica.com.br\/en\/calculadora-de-potencial-de-carbono\/\">AGROROB\u00d3TICA CARBON BANK<\/a><\/h3><\/div><\/div>\t\t<\/div>\n\t\t\t\t<\/div>\n\t\t\t\t\t<\/div>\n\t\t\t\t<\/div>\n\t\t\t\t<div class=\"elementor-element elementor-element-76395a1 elementor-widget elementor-widget-spacer\" data-id=\"76395a1\" data-element_type=\"widget\" data-widget_type=\"spacer.default\">\n\t\t\t\t<div class=\"elementor-widget-container\">\n\t\t\t\t\t<div class=\"elementor-spacer\">\n\t\t\t<div class=\"elementor-spacer-inner\"><\/div>\n\t\t<\/div>\n\t\t\t\t<\/div>\n\t\t\t\t<\/div>\n\t\t\t\t\t<\/div>\n\t\t\t\t<\/div>\n\t\t\t\t\t\t\t<\/div>","protected":false},"excerpt":{"rendered":"<p>PLATAFORMA DE IA AGLIBS Traga sua fazenda para o futuro Solu\u00e7\u00e3o integrada para agricultura de precis\u00e3o e comercializa\u00e7\u00e3o de cr\u00e9dito de carbono. ETAPA 1 AVALIA\u00c7\u00c3O DIGITAL DA FAZENDA ETAPA 2 COLETA DE SOLO ETAPA 3 AN\u00c1LISE COM TECNOLOGIA AGLIBS ETAPA 4 DIGITALIZA\u00c7\u00c3O DO SOLO ETAPA 5 AUDITORIA E CERTIFICA\u00c7\u00c3O ETAPA 6 AGROROB\u00d3TICA CARBON BANK<\/p>","protected":false},"author":3,"featured_media":0,"parent":0,"menu_order":0,"comment_status":"closed","ping_status":"closed","template":"","meta":[],"_links":{"self":[{"href":"https:\/\/carbono.agrorobotica.com.br\/en\/wp-json\/wp\/v2\/pages\/754"}],"collection":[{"href":"https:\/\/carbono.agrorobotica.com.br\/en\/wp-json\/wp\/v2\/pages"}],"about":[{"href":"https:\/\/carbono.agrorobotica.com.br\/en\/wp-json\/wp\/v2\/types\/page"}],"author":[{"embeddable":true,"href":"https:\/\/carbono.agrorobotica.com.br\/en\/wp-json\/wp\/v2\/users\/3"}],"replies":[{"embeddable":true,"href":"https:\/\/carbono.agrorobotica.com.br\/en\/wp-json\/wp\/v2\/comments?post=754"}],"version-history":[{"count":98,"href":"https:\/\/carbono.agrorobotica.com.br\/en\/wp-json\/wp\/v2\/pages\/754\/revisions"}],"predecessor-version":[{"id":1308,"href":"https:\/\/carbono.agrorobotica.com.br\/en\/wp-json\/wp\/v2\/pages\/754\/revisions\/1308"}],"wp:attachment":[{"href":"https:\/\/carbono.agrorobotica.com.br\/en\/wp-json\/wp\/v2\/media?parent=754"}],"curies":[{"name":"wp","href":"https:\/\/api.w.org\/{rel}","templated":true}]}}