{"id":869,"date":"2023-04-19T21:48:06","date_gmt":"2023-04-19T21:48:06","guid":{"rendered":"https:\/\/carbono.agrorobotica.com.br\/?page_id=869"},"modified":"2023-04-28T20:37:56","modified_gmt":"2023-04-28T20:37:56","slug":"calculadora-de-potencial-de-carbono","status":"publish","type":"page","link":"https:\/\/carbono.agrorobotica.com.br\/en\/calculadora-de-potencial-de-carbono\/","title":{"rendered":"Calculadora de Potencial de Carbono"},"content":{"rendered":"<div data-elementor-type=\"wp-page\" data-elementor-id=\"869\" class=\"elementor elementor-869\">\n\t\t\t\t\t\t\t<div class=\"elementor-element elementor-element-015ad15 e-con-boxed e-con\" data-id=\"015ad15\" data-element_type=\"container\" data-settings=\"{&quot;jet_parallax_layout_list&quot;:[],&quot;background_background&quot;:&quot;classic&quot;,&quot;content_width&quot;:&quot;boxed&quot;}\">\n\t\t\t\t\t<div class=\"e-con-inner\">\n\t\t\t\t<div class=\"elementor-element elementor-element-125e865 elementor-widget elementor-widget-heading\" data-id=\"125e865\" data-element_type=\"widget\" data-widget_type=\"heading.default\">\n\t\t\t\t<div class=\"elementor-widget-container\">\n\t\t\t<style>\/*! elementor - v3.12.1 - 02-04-2023 *\/\n.elementor-heading-title{padding:0;margin:0;line-height:1}.elementor-widget-heading .elementor-heading-title[class*=elementor-size-]>a{color:inherit;font-size:inherit;line-height:inherit}.elementor-widget-heading .elementor-heading-title.elementor-size-small{font-size:15px}.elementor-widget-heading .elementor-heading-title.elementor-size-medium{font-size:19px}.elementor-widget-heading .elementor-heading-title.elementor-size-large{font-size:29px}.elementor-widget-heading .elementor-heading-title.elementor-size-xl{font-size:39px}.elementor-widget-heading .elementor-heading-title.elementor-size-xxl{font-size:59px}<\/style><div class=\"elementor-heading-title elementor-size-default\">Agrorobotica Carbon Bank<\/div>\t\t<\/div>\n\t\t\t\t<\/div>\n\t\t\t\t<div class=\"elementor-element elementor-element-e8e7178 elementor-widget elementor-widget-heading\" data-id=\"e8e7178\" data-element_type=\"widget\" data-widget_type=\"heading.default\">\n\t\t\t\t<div class=\"elementor-widget-container\">\n\t\t\t<h1 class=\"elementor-heading-title elementor-size-default\">carnono credit potential calculator<\/h1>\t\t<\/div>\n\t\t\t\t<\/div>\n\t\t\t\t<div class=\"elementor-element elementor-element-4dea35d elementor-widget elementor-widget-heading\" data-id=\"4dea35d\" data-element_type=\"widget\" data-widget_type=\"heading.default\">\n\t\t\t\t<div class=\"elementor-widget-container\">\n\t\t\t<h3 class=\"elementor-heading-title elementor-size-default\">How many hectares does your property have?<\/h3>\t\t<\/div>\n\t\t\t\t<\/div>\n\t\t\t\t<div class=\"elementor-element elementor-element-8f8dd8a elementor-widget elementor-widget-jet-engine-booking-form\" data-id=\"8f8dd8a\" data-element_type=\"widget\" data-widget_type=\"jet-engine-booking-form.default\">\n\t\t\t\t<div class=\"elementor-widget-container\">\n\t\t\t<form  class=\"jet-form layout-column submit-type-ajax\" action=\"\/en\/wp-json\/wp\/v2\/pages\/869?jet_engine_action=book&nocache=1778080538\" method=\"POST\" data-form-id=\"867\" data-trp-original-action=\"\/en\/wp-json\/wp\/v2\/pages\/869?jet_engine_action=book&nocache=1778080538\"><input class=\"jet-form__field hidden-field\" type=\"hidden\" name=\"_jet_engine_booking_form_id\" value=\"867\" data-field-name=\"_jet_engine_booking_form_id\"><input class=\"jet-form__field hidden-field\" type=\"hidden\" name=\"_jet_engine_refer\" value=\"https:\/\/carbono.agrorobotica.com.br\/en\/wp-json\/wp\/v2\/pages\/869\" data-field-name=\"_jet_engine_refer\"><div class=\"jet-form-page\" data-page=\"1\"><div  class=\"jet-form-row jet-form-row--first-visible\"><div class=\"jet-form-col jet-form-col-12  field-type-number  jet-form-field-container\" data-field=\"numero-hec\" data-conditional=\"false\"><input type=\"number\" class=\"jet-form__field text-field\" value=\"1000\" min=\"0\" step=\"1000\" name=\"numero-hec\" data-field-name=\"numero-hec\" id=\"numero-hec\"><\/div><\/div><div  class=\"jet-form-row\"><div class=\"jet-form-col jet-form-col-12  field-type-calculated resultado jet-form-field-container\" data-field=\"potencial-carbono\" data-conditional=\"false\"><div class=\"jet-form__label\">\n\t<span class=\"jet-form__label-text\" >YOUR CARBON CREDIT POTENTIAL IS:<\/span>\n\t<\/div><div class=\"jet-form__calculated-field\" data-formula=\"%numero-hec% * 275\" data-name=\"potencial-carbono\" data-listen_to=\"[&quot;numero-hec&quot;]\" data-precision=\"0\">\n\t\t\t<div class=\"jet-form__calculated-field-prefix\">\n\t\t\tR$&nbsp; \t\t<\/div>\n\t\t<input type=\"hidden\" name=\"potencial-carbono\" value=\"\" class=\"jet-form__calculated-field-input jet-form__field\" data-field-name=\"potencial-carbono\">\n\t\t\t<div class=\"jet-form__calculated-field-val\"><\/div>\n\t\t\t\t<div class=\"jet-form__calculated-field-suffix\">\n\t\t\t\/year\t\t<\/div>\n\t<\/div><\/div><\/div><div  class=\"jet-form-row jet-form-row--page-break\"><div class=\"jet-form-col jet-form-col-12  field-type-page_break  jet-form-field-container\" data-field=\"page_break\" data-conditional=\"false\"><div class=\"jet-form__next-page-wrap\">\n\t\t\t\t<button class=\"jet-form__next-page\" type=\"button\">REQUEST EVALUATION<\/button>\n\t<\/div>\n<\/div><\/div><\/div><div class=\"jet-form-page jet-form-page--hidden\" data-page=\"2\"><div  class=\"jet-form-row\"><div class=\"jet-form-col jet-form-col-12  field-type-text  jet-form-field-container\" data-field=\"nome\" data-conditional=\"false\"><div class=\"jet-form__label\">\n\t<span class=\"jet-form__label-text\" >Name<span class=\"jet-form__required\">*<\/span><\/span>\n\t<\/div><input class=\"jet-form__field text-field\" value=\"\" required=\"required\" name=\"nome\" id=\"nome\" type=\"text\" data-field-name=\"nome\"><\/div><\/div><div  class=\"jet-form-row\"><div class=\"jet-form-col jet-form-col-12  field-type-text  jet-form-field-container\" data-field=\"telefone\" data-conditional=\"false\"><div class=\"jet-form__label\">\n\t<span class=\"jet-form__label-text\" >Telephone<span class=\"jet-form__required\">*<\/span><\/span>\n\t<\/div><input class=\"jet-form__field text-field\" value=\"\" required=\"required\" name=\"telefone\" id=\"telefone\" type=\"tel\" data-field-name=\"telefone\"><\/div><\/div><div  class=\"jet-form-row\"><div class=\"jet-form-col jet-form-col-12  field-type-text  jet-form-field-container\" data-field=\"email\" data-conditional=\"false\"><div class=\"jet-form__label\">\n\t<span class=\"jet-form__label-text\" >Email<span class=\"jet-form__required\">*<\/span><\/span>\n\t<\/div><input class=\"jet-form__field text-field\" value=\"\" required=\"required\" name=\"email\" id=\"email\" type=\"email\" data-field-name=\"email\"><\/div><\/div><div  class=\"jet-form-row\"><div class=\"jet-form-col jet-form-col-12  field-type-text  jet-form-field-container\" data-field=\"cidade\" data-conditional=\"false\"><div class=\"jet-form__label\">\n\t<span class=\"jet-form__label-text\" >City<\/span>\n\t<\/div><input class=\"jet-form__field text-field\" value=\"\" name=\"cidade\" id=\"cidade\" type=\"text\" data-field-name=\"cidade\"><\/div><\/div><div  class=\"jet-form-row\"><div class=\"jet-form-col jet-form-col-12  field-type-text  jet-form-field-container\" data-field=\"Estado\" data-conditional=\"false\"><div class=\"jet-form__label\">\n\t<span class=\"jet-form__label-text\" >state<\/span>\n\t<\/div><input class=\"jet-form__field text-field\" value=\"\" name=\"Estado\" id=\"Estado\" type=\"text\" data-field-name=\"Estado\"><\/div><\/div><div  class=\"jet-form-row\"><div class=\"jet-form-col jet-form-col-12  field-type-text  jet-form-field-container\" data-field=\"fazenda\" data-conditional=\"false\"><div class=\"jet-form__label\">\n\t<span class=\"jet-form__label-text\" >Your farm name<\/span>\n\t<\/div><input class=\"jet-form__field text-field\" value=\"\" name=\"fazenda\" id=\"fazenda\" type=\"text\" data-field-name=\"fazenda\"><\/div><\/div><div  class=\"jet-form-row\"><div class=\"jet-form-col jet-form-col-12  field-type-radio  jet-form-field-container\" data-field=\"aceite\" data-conditional=\"false\"><div class=\"jet-form__fields-group checkradio-wrap\">\t\t<div class=\"jet-form__field-wrap radio-wrap checkradio-wrap\">\n\t\t\t\t\t\t<label class=\"jet-form__field-label\">\n\t\t\t\t<input\n\t\t\t\t\ttype=\"radio\"\n\t\t\t\t\tname=\"aceite\"\n\t\t\t\t\tclass=\"jet-form__field radio-field checkradio-field\"\n\t\t\t\t\tvalue=\"Sim\"\n\t\t\t\t\tdata-field-name=\"aceite\"\n\t\t\t\t\t\t\t\t\t\trequired=\"required\"\t\t\t\t\t\t\t\t\t\t\t\t\t\t>\n\t\t\t\tI agree to receive communications from Agrorob\u00f3tica at the email address and phone number provided. I am aware that my data will not be sold or shared with third parties.\t\t\t<\/label>\n\t\t<\/div>\n\t\t<\/div><\/div><\/div><div  class=\"jet-form-row jet-form-row--submit\"><div class=\"jet-form-col jet-form-col-12  field-type-submit  jet-form-field-container\" data-field=\"Submit\" data-conditional=\"false\"><div class=\"jet-form__submit-wrap\">\n\t\t<button class=\"jet-form__submit submit-type-ajax\" type=\"button\">SEND REQUEST<\/button>\n<\/div><\/div><\/div><\/div><input class=\"jet-form__field hidden-field\" type=\"hidden\" name=\"_jet_engine_nonce\" value=\"4270d331f5\" data-field-name=\"_jet_engine_nonce\"><input type=\"hidden\" name=\"trp-form-language\" value=\"en\"\/><\/form><div class=\"jet-form-messages-wrap\" data-form-id=\"867\"><\/div>\t\t<\/div>\n\t\t\t\t<\/div>\n\t\t\t\t<div class=\"elementor-element elementor-element-e73181f elementor-widget elementor-widget-spacer\" data-id=\"e73181f\" data-element_type=\"widget\" data-widget_type=\"spacer.default\">\n\t\t\t\t<div class=\"elementor-widget-container\">\n\t\t\t<style>\/*! elementor - v3.12.1 - 02-04-2023 *\/\n.elementor-column .elementor-spacer-inner{height:var(--spacer-size)}.e-con{--container-widget-width:100%}.e-con-inner>.elementor-widget-spacer,.e-con>.elementor-widget-spacer{width:var(--container-widget-width,var(--spacer-size));--align-self:var(--container-widget-align-self,initial);--flex-shrink:0}.e-con-inner>.elementor-widget-spacer>.elementor-widget-container,.e-con-inner>.elementor-widget-spacer>.elementor-widget-container>.elementor-spacer,.e-con>.elementor-widget-spacer>.elementor-widget-container,.e-con>.elementor-widget-spacer>.elementor-widget-container>.elementor-spacer{height:100%}.e-con-inner>.elementor-widget-spacer>.elementor-widget-container>.elementor-spacer>.elementor-spacer-inner,.e-con>.elementor-widget-spacer>.elementor-widget-container>.elementor-spacer>.elementor-spacer-inner{height:var(--container-widget-height,var(--spacer-size))}<\/style>\t\t<div class=\"elementor-spacer\">\n\t\t\t<div class=\"elementor-spacer-inner\"><\/div>\n\t\t<\/div>\n\t\t\t\t<\/div>\n\t\t\t\t<\/div>\n\t\t\t\t\t<\/div>\n\t\t\t\t<\/div>\n\t\t\t\t\t\t\t<\/div>","protected":false},"excerpt":{"rendered":"<p>Agrorob\u00f3tica Carbon Bank Calculadora de potencial de cr\u00e9dito de carnono Quantos hectares tem sua propriedade? SEU POTENCIAL DE CREDITO DE CARBONO \u00c9: R$&nbsp; \/ano SOLICITAR AVALIA\u00c7\u00c3O Nome* Telefone* E-mail* Cidade Estado Nome da sua fazenda Aceito receber comunicados da Agrorob\u00f3tica no e-mail e telefone informados. Estou ciente que meus dados n\u00e3o ser\u00e3o vendidos nem compartilhados [&hellip;]<\/p>","protected":false},"author":3,"featured_media":0,"parent":0,"menu_order":0,"comment_status":"closed","ping_status":"closed","template":"","meta":[],"_links":{"self":[{"href":"https:\/\/carbono.agrorobotica.com.br\/en\/wp-json\/wp\/v2\/pages\/869"}],"collection":[{"href":"https:\/\/carbono.agrorobotica.com.br\/en\/wp-json\/wp\/v2\/pages"}],"about":[{"href":"https:\/\/carbono.agrorobotica.com.br\/en\/wp-json\/wp\/v2\/types\/page"}],"author":[{"embeddable":true,"href":"https:\/\/carbono.agrorobotica.com.br\/en\/wp-json\/wp\/v2\/users\/3"}],"replies":[{"embeddable":true,"href":"https:\/\/carbono.agrorobotica.com.br\/en\/wp-json\/wp\/v2\/comments?post=869"}],"version-history":[{"count":64,"href":"https:\/\/carbono.agrorobotica.com.br\/en\/wp-json\/wp\/v2\/pages\/869\/revisions"}],"predecessor-version":[{"id":1204,"href":"https:\/\/carbono.agrorobotica.com.br\/en\/wp-json\/wp\/v2\/pages\/869\/revisions\/1204"}],"wp:attachment":[{"href":"https:\/\/carbono.agrorobotica.com.br\/en\/wp-json\/wp\/v2\/media?parent=869"}],"curies":[{"name":"wp","href":"https:\/\/api.w.org\/{rel}","templated":true}]}}